{"id":14017,"date":"2019-03-05T12:17:26","date_gmt":"2019-03-05T15:17:26","guid":{"rendered":"http:\/\/www.sertras.com\/v3\/?page_id=14017"},"modified":"2026-01-15T17:45:35","modified_gmt":"2026-01-15T20:45:35","slug":"brk-ambiental-portal-homologacao","status":"publish","type":"page","link":"https:\/\/www.sertras.com\/v3\/brk-ambiental-portal-homologacao\/","title":{"rendered":"BRK Ambiental &#8211; Portal Homologa\u00e7\u00e3o"},"content":{"rendered":"<div class=\"pmpro_content_message\">This content is for Sertras &#8211; Administra\u00e7\u00e3o, Sertras, Sertras &#8211; Supervis\u00e3o, BRK Ambiental, BRK Ambiental &#8211; Compliance, BRK Ambiental &#8211; Aprovador DD, BRK Ambiental &#8211; Auditoria, BRK Ambiental &#8211; Avaliadores (Av Desempenho), e BRK Ambiental &#8211; Supervisores (Av Desempenho) members only.<br \/><a href=\"http:\/\/www.sertras.com\/v3\/login\">Log In<\/a> <a href=\"http:\/\/www.sertras.com\/v3\/wp-login.php?action=register\">Register<\/a><\/div>\n","protected":false},"excerpt":{"rendered":"<div class=\"pmpro_content_message\">This content is for Sertras - Administra\u00e7\u00e3o, Sertras, Sertras - Supervis\u00e3o, BRK Ambiental, BRK Ambiental - Compliance, BRK Ambiental - Aprovador DD, BRK Ambiental - Auditoria, BRK Ambiental - Avaliadores (Av Desempenho), e BRK Ambiental - Supervisores (Av Desempenho) members only.<br \/><a href=\"http:\/\/www.sertras.com\/v3\/login\">Log In<\/a> <a href=\"http:\/\/www.sertras.com\/v3\/wp-login.php?action=register\">Register<\/a><\/div>","protected":false},"author":8008,"featured_media":0,"parent":0,"menu_order":0,"comment_status":"closed","ping_status":"closed","template":"template-microsite.php","meta":{"pmpro_default_level":"","inline_featured_image":false,"footnotes":""},"aioseo_notices":[],"_links":{"self":[{"href":"https:\/\/www.sertras.com\/v3\/wp-json\/wp\/v2\/pages\/14017"}],"collection":[{"href":"https:\/\/www.sertras.com\/v3\/wp-json\/wp\/v2\/pages"}],"about":[{"href":"https:\/\/www.sertras.com\/v3\/wp-json\/wp\/v2\/types\/page"}],"author":[{"embeddable":true,"href":"https:\/\/www.sertras.com\/v3\/wp-json\/wp\/v2\/users\/8008"}],"replies":[{"embeddable":true,"href":"https:\/\/www.sertras.com\/v3\/wp-json\/wp\/v2\/comments?post=14017"}],"version-history":[{"count":50,"href":"https:\/\/www.sertras.com\/v3\/wp-json\/wp\/v2\/pages\/14017\/revisions"}],"predecessor-version":[{"id":987285,"href":"https:\/\/www.sertras.com\/v3\/wp-json\/wp\/v2\/pages\/14017\/revisions\/987285"}],"wp:attachment":[{"href":"https:\/\/www.sertras.com\/v3\/wp-json\/wp\/v2\/media?parent=14017"}],"curies":[{"name":"wp","href":"https:\/\/api.w.org\/{rel}","templated":true}]}}