{"id":14497,"date":"2019-03-14T15:33:26","date_gmt":"2019-03-14T18:33:26","guid":{"rendered":"http:\/\/www.sertras.com\/v3\/?page_id=14497"},"modified":"2024-04-25T09:57:29","modified_gmt":"2024-04-25T12:57:29","slug":"taesa-portal-homologacao","status":"publish","type":"page","link":"https:\/\/www.sertras.com\/v3\/taesa-portal-homologacao\/","title":{"rendered":"TAESA &#8211; Portal Homologa\u00e7\u00e3o"},"content":{"rendered":"<div class=\"pmpro_content_message\">This content is for Sertras &#8211; Administra\u00e7\u00e3o, Sertras, Sertras &#8211; Supervis\u00e3o, e TAESA members only.<br \/><a href=\"http:\/\/www.sertras.com\/v3\/login\">Log In<\/a> <a href=\"http:\/\/www.sertras.com\/v3\/wp-login.php?action=register\">Register<\/a><\/div>\n","protected":false},"excerpt":{"rendered":"<div class=\"pmpro_content_message\">This content is for Sertras - Administra\u00e7\u00e3o, Sertras, Sertras - Supervis\u00e3o, e TAESA members only.<br \/><a href=\"http:\/\/www.sertras.com\/v3\/login\">Log In<\/a> <a href=\"http:\/\/www.sertras.com\/v3\/wp-login.php?action=register\">Register<\/a><\/div>","protected":false},"author":8008,"featured_media":0,"parent":0,"menu_order":0,"comment_status":"closed","ping_status":"closed","template":"template-microsite.php","meta":{"pmpro_default_level":"","inline_featured_image":false,"footnotes":""},"aioseo_notices":[],"_links":{"self":[{"href":"https:\/\/www.sertras.com\/v3\/wp-json\/wp\/v2\/pages\/14497"}],"collection":[{"href":"https:\/\/www.sertras.com\/v3\/wp-json\/wp\/v2\/pages"}],"about":[{"href":"https:\/\/www.sertras.com\/v3\/wp-json\/wp\/v2\/types\/page"}],"author":[{"embeddable":true,"href":"https:\/\/www.sertras.com\/v3\/wp-json\/wp\/v2\/users\/8008"}],"replies":[{"embeddable":true,"href":"https:\/\/www.sertras.com\/v3\/wp-json\/wp\/v2\/comments?post=14497"}],"version-history":[{"count":27,"href":"https:\/\/www.sertras.com\/v3\/wp-json\/wp\/v2\/pages\/14497\/revisions"}],"predecessor-version":[{"id":844571,"href":"https:\/\/www.sertras.com\/v3\/wp-json\/wp\/v2\/pages\/14497\/revisions\/844571"}],"wp:attachment":[{"href":"https:\/\/www.sertras.com\/v3\/wp-json\/wp\/v2\/media?parent=14497"}],"curies":[{"name":"wp","href":"https:\/\/api.w.org\/{rel}","templated":true}]}}