{"id":14506,"date":"2019-03-14T15:38:51","date_gmt":"2019-03-14T18:38:51","guid":{"rendered":"http:\/\/www.sertras.com\/v3\/?page_id=14506"},"modified":"2021-06-15T14:50:03","modified_gmt":"2021-06-15T17:50:03","slug":"renova-energia-portal-fornecedores","status":"publish","type":"page","link":"https:\/\/www.sertras.com\/v3\/renova-energia-portal-fornecedores\/","title":{"rendered":"Renova Energia &#8211; Portal Fornecedores"},"content":{"rendered":"<div class=\"wpb-content-wrapper\"><p>[vc_row][vc_column][layerslider_vc id=&#8221;12&#8243;][vc_column_text]Fundada em 2001, a Renova Energia \u00e9 uma companhia brasileira de gera\u00e7\u00e3o de energia el\u00e9trica renov\u00e1vel com atua\u00e7\u00e3o em matrizes e\u00f3licas, pequenas centrais hidrel\u00e9tricas (PCHs) e solar. Desde 2009 sua atua\u00e7\u00e3o est\u00e1 fortemente concentrada em projetos de fonte e\u00f3lica, segmento no qual \u00e9 pioneira no Brasil.<\/p>\n<p>Como diferencial de destaque em sua atua\u00e7\u00e3o, est\u00e1 a qualifica\u00e7\u00e3o para operar de modo integrado, realizando a prospec\u00e7\u00e3o, desenvolvimento, implementa\u00e7\u00e3o e opera\u00e7\u00e3o de seus projetos[\/vc_column_text][vc_column_text]<\/p>\n<h1 class=\"renova\"><strong>Governan\u00e7a Corporativa<\/strong><\/h1>\n<p>A Renova \u00e9 listada no N\u00edvel 2 de Governan\u00e7a Corporativa da BM&amp;FBOVESPA, est\u00e1 alinhada \u00e0s melhores pr\u00e1ticas do mercado brasileiro e internacional, observando normas e padr\u00f5es que promovem o desenvolvimento sustent\u00e1vel, o respeito ao meio ambiente e a ado\u00e7\u00e3o de um plano de neg\u00f3cios que acredita ser s\u00f3lido e rent\u00e1vel. Os s\u00f3cios-fundadores, Renato Amaral e Ricardo Delneri, continuam na Companhia como membros do Conselho de Administra\u00e7\u00e3o e dos comit\u00eas estrat\u00e9gicos.<\/p>\n<p>As atividades da Renova est\u00e3o sujeitas a um conjunto de leis, decretos, regulamentos e resolu\u00e7\u00f5es federais, estaduais e municipais relativas a gest\u00e3o ambiental e prote\u00e7\u00e3o do meio ambiente.[\/vc_column_text][\/vc_column][\/vc_row][vc_row][vc_column][vc_column_text]<\/p>\n<h1 class=\"renova\"><strong>C\u00f3digo de \u00c9tica<\/strong><\/h1>\n<div>O c\u00f3digo de \u00e9tica da Renova Energia visa estabelecer e disseminar os principais padr\u00f5es \u00e9ticos e morais que devem ser, em linhas gerais, seguidos em todos os segmentos da Companhia, por todos os administradores, funcion\u00e1rios, estagi\u00e1rios, prestadores de servi\u00e7os, fornecedores e procuradores da Renova. Para ser fornecedor da Renova \u00e9 mandat\u00f3rio que o termo de recebimento deste c\u00f3digo seja enviado assinado pelo representante legal da sua empresa.<\/div>\n<p>[\/vc_column_text][\/vc_column][\/vc_row][vc_row][vc_column][vc_column_text]<\/p>\n<table>\n<tbody>\n<tr>\n<td width=\"25%\"><\/td>\n<td>\n<h5 style=\"text-align: center;\">C\u00f3digo de \u00c9tica<\/h5>\n<\/td>\n<td width=\"10%\"><\/td>\n<td>\n<h5 style=\"text-align: center;\">Termo de Recebimento<\/h5>\n<\/td>\n<td width=\"25%\"><\/td>\n<\/tr>\n<tr>\n<td width=\"25%\"><\/td>\n<td><a href=\"\/v3?page_id=16931\" target=\"_blank\" rel=\"noopener\"><img loading=\"lazy\" decoding=\"async\" class=\"aligncenter size-medium wp-image-10256\" src=\"http:\/\/www.sertras.com\/v3\/wp-content\/uploads\/2019\/01\/HTML-300x300.png\" alt=\"\" width=\"120\" height=\"120\" srcset=\"https:\/\/www.sertras.com\/v3\/wp-content\/uploads\/2019\/01\/HTML-300x300.png 300w, https:\/\/www.sertras.com\/v3\/wp-content\/uploads\/2019\/01\/HTML-150x150.png 150w, https:\/\/www.sertras.com\/v3\/wp-content\/uploads\/2019\/01\/HTML-200x200.png 200w, https:\/\/www.sertras.com\/v3\/wp-content\/uploads\/2019\/01\/HTML.png 512w\" sizes=\"(max-width: 120px) 100vw, 120px\" \/><\/a><\/td>\n<td width=\"10%\"><\/td>\n<td><a href=\"http:\/\/www.sertras.com\/v3\/wp-content\/uploads\/2019\/04\/Renova-Energia-Termo-de-Compromisso-do-C\u00f3digo-de-\u00c9tica-1.pdf\" download=\"Termo de Recebimento Renova\"><img loading=\"lazy\" decoding=\"async\" class=\"aligncenter size-full wp-image-16969\" src=\"http:\/\/www.sertras.com\/v3\/wp-content\/uploads\/2019\/04\/download-pdf-1.png\" alt=\"\" width=\"120\" height=\"120\" \/><\/a><\/td>\n<td width=\"25%\"><\/td>\n<\/tr>\n<\/tbody>\n<\/table>\n<p>[\/vc_column_text][\/vc_column][\/vc_row][vc_row][vc_column][vc_raw_html]JTNDdGFibGUlMjBjbGFzcyUzRCUyMm5hZGElMjIlM0UlMEElM0N0ciUzRSUwQSUzQ3RkJTIwd2lkdGglM0QyNSUyNSUzRSUzQyUyRnRkJTNFJTBBJTNDdGQlM0UlM0NpbnB1dCUyMGlkJTNEJTIyc2hvd2Zvcm0lMjIlMjBuYW1lJTNEJTIyc2hvd2Zvcm0lMjIlMjB0eXBlJTNEJTIycmFkaW8lMjIlMjB2YWx1ZSUzRCUyMk5vdGElMjIlMjBuYW1lJTNEJTIyc2hvd2Zvcm0lMjIlMjBvbmNsaWNrJTNEJTIyc2hvd2hpZGVGb3JtJTI4dGhpcy52YWx1ZSUyOSUzQiUyMiUyRiUzRSUyMCUyMCUzQ3N0cm9uZyUzRVNvdSUyMENvbGFib3JhZG9yJTIwUmVub3ZhJTIwRW5lcmdpYSUzQyUyRnN0cm9uZyUzRSUyMCUzQyUyRnRkJTNFJTBBJTNDdGQlMjB3aWR0aCUzRDEwJTI1JTNFJTNDJTJGdGQlM0UlMEElM0N0ZCUzRSUzQ2lucHV0JTIwaWQlM0QlMjJzaG93Zm9ybSUyMiUyMG5hbWUlM0QlMjJzaG93Zm9ybSUyMiUyMHR5cGUlM0QlMjJyYWRpbyUyMiUyMHZhbHVlJTNEJTIyUGVyY2VudHVhbCUyMiUyMG5hbWUlM0QlMjJzaG93Zm9ybSUyMiUyMG9uY2xpY2slM0QlMjJzaG93aGlkZUZvcm0lMjh0aGlzLnZhbHVlJTI5JTNCJTIyJTJGJTNFJTIwJTIwJTNDc3Ryb25nJTNFUXVlcm8lMjBzZXIlMjBGb3JuZWNlZG9yJTIwUmVub3ZhJTIwRW5lcmdpYSUzQyUyRnN0cm9uZyUzRSUzQyUyRnRkJTNFJTBBJTNDdGQlMjB3aWR0aCUzRDI1JTI1JTNFJTNDJTJGdGQlM0UlMEElM0MlMkZ0ciUzRSUwQSUzQyUyRnRhYmxlJTNFJTBBJTBBJTNDZGl2JTIwaWQlM0QlMjJub3RhJTIyJTIwc3R5bGUlM0QlMjJkaXNwbGF5JTNBJTIwbm9uZSUzQiUyMiUzRSUwQSUzQ2RpdiUyMHN0eWxlJTNEJTIydGV4dC1hbGlnbiUzQWNlbnRlciUzQiUyMiUzRSUwQSUzQ3RhYmxlJTNFJTBBJTNDdHIlM0UlMEElM0N0ZCUyMHdpZHRoJTNEMzQlMjUlM0UlM0MlMkZ0ZCUzRSUwQSUzQ3RkJTNFJTVCdGhlbWUtbXktbG9naW4lNUQlM0MlMkZ0ZCUzRSUwQSUzQ3RkJTIwd2lkdGglM0QzNCUyNSUzRSUzQyUyRnRkJTNFJTBBJTNDJTJGdHIlM0UlMEElM0MlMkZ0YWJsZSUzRSUwQSUzQyUyRmRpdiUzRSUwQSUwQSUzQyUyRmRpdiUzRSUwQSUzQ2RpdiUyMGlkJTNEJTIycGVyYyUyMiUyMHN0eWxlJTNEJTIyZGlzcGxheSUzQSUyMG5vbmUlM0IlMjIlM0UlMEElM0NwJTNFUGFyYSUyMGdhcmFudGlyJTIwcXVlJTIwdG9kb3MlMjBvcyUyMG5vc3NvcyUyMGZvcm5lY2Vkb3JlcyUyMGN1bXByZW0lMjBjb20lMjBvJTIwYyVDMyVCM2RpZ28lMjBkZSUyMCVDMyVBOXRpY2ElMjBlJTIwYSUyMHBvbCVDMyVBRHRpY2ElMjBkZSUyMGNvbXByYXMlMkMlMjBhJTIwUmVub3ZhJTIwRW5lcmdpYSUyMGNvbnRhJTIwY29tJTIwbyUyMGFwb2lvJTIwZGElMjBlbXByZXNhJTIwJTNDc3Ryb25nJTNFU2VydHJhcyUyMENvbnN1bHRvcmlhJTIwZSUyMEdlc3QlQzMlQTNvJTIwTHRkYS4lM0MlMkZzdHJvbmclM0UlMjBDTlBKJTIwMTguMTQxLjc4NCUyRjAwMDEtMzMlMkMlMjBlc3BlY2lhbGlzdGElMjBlbSUyMHNlcnZpJUMzJUE3b3MlMjBkZSUyMGdlc3QlQzMlQTNvJTIwZGUlMjByZWxhY2lvbmFtZW50byUyMGNvbSUyMGZvcm5lY2Vkb3Jlcy4lM0MlMkZwJTNFJTBBJTBBJTNDcCUzRUElMjBTZXJ0cmFzJTIwY2VydGlmaWNhJTIwJTNDc3Ryb25nJTNFdG9kb3MlMjBvcyUyMGZvcm5lY2Vkb3JlcyUzQyUyRnN0cm9uZyUzRSUyMGRhJTIwUmVub3ZhJTIwRW5lcmdpYSUyQyUyMHJlYWxpemFuZG8lMjBwcm9jZXNzb3MlMjBkZSUyMGhvbW9sb2dhJUMzJUE3JUMzJUEzbyUyMGUlMjBtb25pdG9yYW5kbyUyMGElMjBiYXNlJTJDJTIwZ2VyYW5kbyUyMHVtYSUyMG5vdGElMjBkZSUyMHJpc2NvJTIwYmFzZWFkYSUyMG5hJTIwaW5mb3JtYSVDMyVBNyVDMyVBM28lMjByZWNlYmlkYSUyMGUlMjBhdmFsaWFkYSUyMGRvcyUyMGZvcm5lY2Vkb3Jlcy4lMjBBJTIwU2VydHJhcyUyMHRhbWIlQzMlQTltJTIwJUMzJUE5JTIwcmVzcG9ucyVDMyVBMXZlbCUyMGRlJTIwJTNDc3Ryb25nJTNFY2FkYXN0cmFyJTJDJTIwaGFiaWxpdGFyJTIwZSUyMGRlc2FiaWxpdGFyJTIwZm9ybmVjZWRvcmVzJTIwbm8lMjBFUlAlMjBkYSUyMFJlbm92YSUyMEVuZXJnaWElMjAlM0MlMkZzdHJvbmclM0UlMjBjb20lMjBvJTIwaW50dWl0byUyMGRlJTIwbWFudGVyJTIwYSUyMG5vc3NhJTIwYmFzZSUyMGRlJTIwZm9ybmVjZWRvcmVzJTIwc2VtcHJlJTIwYXR1YWxpemFkYS4lM0MlMkZwJTNFJTBBJTBBJTNDcCUzRUVzdGUlMjBzZXJ2aSVDMyVBN28lMjBub3MlMjBhanVkYSUyMGElMjByZWR1emlyJTIwcmlzY29zJTIwZSUyMCUzQ3N0cm9uZyUzRWdhcmFudGUlMjBhJTIwdG9kb3MlMjBvcyUyMGZvcm5lY2Vkb3JlcyUyMHF1ZSUyMGFzJTIwZXNjb2xoYXMlMjBzJUMzJUEzbyUyMHJlYWxpemFkYXMlMjBlbSUyMGlndWFsZGFkZSUyMGRlJTIwY29uZGklQzMlQTclQzMlQjVlcyUzQyUyRnN0cm9uZyUzRSUyMGolQzMlQTElMjBxdWUlMjBhJTIwYW4lQzMlQTFsaXNlJTIwJUMzJUE5JTIwcmVhbGl6YWRhJTIwcG9yJTIwdW1hJTIwdGVyY2VpcmElMjBwYXJ0ZSUyMGltcGFyY2lhbCUyMG5vJTIwcHJvY2Vzc28uJTNDJTJGcCUzRSUwQSUwQSUzQ3AlM0VPJTIwZm9ybmVjZWRvciUyMHBvZGUlMjBvcHRhciUyMHBvciUyMGRpZmVyZW50ZXMlMjBuJUMzJUFEdmVpcyUyMGRlJTIwY2VydGlmaWNhJUMzJUE3JUMzJUEzby4lMjBFc3RlcyUyMG4lQzMlQUR2ZWlzJTIwdmFyaWFtJTIwZGVwZW5kZW5kbyUyMGRhJTIwY2F0ZWdvcmlhJTIwZG8lMjBwcm9kdXRvJTIwb3UlMjBzZXJ2aSVDMyVBN28lMjBmb3JuZWNpZG8lMjBlJTIwZG8lMjBmYXR1cmFtZW50byUyMGFudWFsJTIwcmVhbCUyMG91JTIwZXN0aW1hZG8lMjBkZXN0ZSUyMGZvcm5lY2Vkb3IlMjBjb20lMjBhJTIwUmVub3ZhJTIwRW5lcmdpYS4lMjAlM0NzdHJvbmclM0VRdWFudG8lMjBtYWlvciUyMG8lMjBmYXR1cmFtZW50byUyMG91JTIwbWFpcyUyMGVzdHJhdCVDMyVBOWdpY2ElMjAlQzMlQTklMjBhJTIwY2F0ZWdvcmlhJTJDJTIwbWFpb3IlMjBvJTIwbiVDMyVBRHZlbCUyMGRlJTIwY2VydGlmaWNhJUMzJUE3JUMzJUEzbyUzQyUyRnN0cm9uZyUzRSUyQyUyMGlzdG8lMjAlQzMlQTklMkMlMjBtYWlvciUyMGElMjBxdWFudGlkYWRlJTIwZGUlMjBpbmZvcm1hJUMzJUE3JUMzJUI1ZXMlMjB2ZXJpZmljYWRhcyUyMHBlbGElMjBTZXJ0cmFzLiUzQyUyRnAlM0UlMEElMEElM0NwJTNFQSUyMG9idGVuJUMzJUE3JUMzJUEzbyUyMGUlMjBtYW51dGVuJUMzJUE3JUMzJUEzbyUyMGRhJTIwY2VydGlmaWNhJUMzJUE3JUMzJUEzbyUyMHRlciVDMyVBMSUyMHVtYSUyMGFudWlkYWRlJTJDJTIwYSUyMHNlciUyMHBhZ2ElMjBwZWxvJTIwZm9ybmVjZWRvciUyMCVDMyVBMCUyMFNlcnRyYXMuJTIwRXN0YSUyMGFudWlkYWRlJTIwZGVzdGluYS1zZSUyMHQlQzMlQTNvJTIwc29tZW50ZSUyMCVDMyVBMCUyMGNvYmVydHVyYSUyMGRvcyUyMGN1c3RvcyUyMGRlJTIwZ2VzdCVDMyVBM28lMjBkbyUyMHByb2Nlc3NvJTIwZGUlMjBjZXJ0aWZpY2ElQzMlQTclQzMlQTNvLiUyMCUzQ3N0cm9uZyUzRUElMjBSZW5vdmElMjBFbmVyZ2lhJTIwb3UlMjBxdWFscXVlciUyMGVtcHJlc2ElMjByZWxhY2lvbmFkYSUyMG4lQzMlQTNvJTIwb2J0JUMzJUE5bSUyMG5lbmh1bSUyMHJlc3VsdGFkbyUyMGZpbmFuY2Vpcm8lMjBjb20lMjBhcyUyMGFudWlkYWRlcyUzQyUyRnN0cm9uZyUzRS4lM0MlMkZwJTNFJTBBJTBBJTNDdGFibGUlMjBjbGFzcyUzRCUyMm5hZGElMjIlM0UlMEElM0N0ciUzRSUwQSUzQ3RkJTIwd2lkdGglM0QyNSUyNSUzRSUzQyUyRnRkJTNFJTBBJTNDdGQlM0UlM0NpbnB1dCUyMGlkJTNEJTIyc2hvd2Zvcm0lMjIlMjBuYW1lJTNEJTIyc2hvd2Zvcm0lMjIlMjB0eXBlJTNEJTIycmFkaW8lMjIlMjB2YWx1ZSUzRCUyMk9wdDElMjIlMjBuYW1lJTNEJTIyc2hvd2Zvcm0lMjIlMjBvbmNsaWNrJTNEJTIyc2hvd2hpZGVPUFQlMjh0aGlzLnZhbHVlJTI5JTNCJTIyJTJGJTNFJTIwJTIwJTNDc3Ryb25nJTNFU29saWNpdGFyJTIwQ2FkYXN0cm8lMjBTaW1wbGlmaWNhZG8lM0MlMkZzdHJvbmclM0UlMjAlM0MlMkZ0ZCUzRSUwQSUzQ3RkJTIwd2lkdGglM0QxMCUyNSUzRSUzQyUyRnRkJTNFJTBBJTNDdGQlM0UlM0NpbnB1dCUyMGlkJTNEJTIyc2hvd2Zvcm0lMjIlMjBuYW1lJTNEJTIyc2hvd2Zvcm0lMjIlMjB0eXBlJTNEJTIycmFkaW8lMjIlMjB2YWx1ZSUzRCUyMk9wdDIlMjIlMjBuYW1lJTNEJTIyc2hvd2Zvcm0lMjIlMjBvbmNsaWNrJTNEJTIyc2hvd2hpZGVPUFQlMjh0aGlzLnZhbHVlJTI5JTNCJTIyJTJGJTNFJTIwJTIwJTNDc3Ryb25nJTNFU29saWNpdGFyJTIwQ2VydGlmaWNhJUMzJUE3JUMzJUEzbyUzQyUyRnN0cm9uZyUzRSUzQyUyRnRkJTNFJTBBJTNDdGQlMjB3aWR0aCUzRDI1JTI1JTNFJTNDJTJGdGQlM0UlMEElM0MlMkZ0ciUzRSUwQSUzQyUyRnRhYmxlJTNFJTBBJTNDZGl2JTIwaWQlM0QlMjJvcHQxJTIyJTIwc3R5bGUlM0QlMjJkaXNwbGF5JTNBJTIwbm9uZSUzQiUyMiUzRSUwQSUzQ2g0JTIwc3R5bGUlM0QlMjJ0ZXh0LWFsaWduJTNBY2VudGVyJTNCJTIyJTNFQ2xhc3NpZmljYSVDMyVBNyVDMyVBM28lMjBkb3MlMjBGb3JuZWNlZG9yZXMlM0MlMkZoNCUzRSUwQSUzQ3AlM0VBbyUyMGluaWNpYXIlMjBxdWFscXVlciUyMHByb2Nlc3NvJTJDJTIwbyUyMGZvcm5lY2Vkb3IlMjBkZWNsYXJhJTIwcXVlJTIwJTNDc3Ryb25nJTNFbGV1JTIwZSUyMGVudGVuZGV1JTIwbyUyMEMlQzMlQjNkaWdvJTIwZGUlMjAlQzMlODl0aWNhJTIwZGElMjBSZW5vdmElMjBFbmVyZ2lhJTIwZSUyMG9zJTIwdGVybW9zJTIwZSUyMGNvbmRpJUMzJUE3JUMzJUI1ZXMlMjBkbyUyMHNlcnZpJUMzJUE3byUyMGRhJTIwU2VydHJhcyUzQyUyRnN0cm9uZyUzRSUyMHF1ZSUyMHBvZGUlMjBzZXIlMjBvYnRpZG8lMjBmYXplbmRvJTIwJTNDYSUyMHRhcmdldCUzRCUyMl9ibGFuayUyMiUyMGhyZWYlM0QlMjJodHRwJTNBJTJGJTJGc2VydHJhcy5jb20lMkZ3cC1jb250ZW50JTJGdXBsb2FkcyUyRjIwMTYlMkYxMiUyRlRlcm1vcy1lLUNvbmRpJTI1QzMlMjVBNyUyNUMzJTI1QjVlcy1Gb3JuZWNlZG9yZXMtTUEtT1AtUS1WNC5wZGYlMjIlM0UlMjBjbGlxdWUlMjBhcXVpLiUzQyUyRmElM0UlM0MlMkZwJTNFJTBBJTNDcCUzRU9zJTIwcHJlJUMzJUE3b3MlMjBpbmZvcm1hZG9zJTIwbmVzdGElMjBzZSVDMyVBNyVDMyVBM28lMkMlMjBzJUMzJUEzbyUyMCUzQ3N0cm9uZyUzRWV4Y2x1c2l2b3MlMjBkYSUyMFNlcnRyYXMlM0MlMkZzdHJvbmclM0UuJTIwUmVhbGl6YXIlMjBvJTIwcHJvY2Vzc28lMjBkZSUyMGNlcnRpZmljYSVDMyVBNyVDMyVBM28lMjBnYXJhbnRlJTIwYSUyMHRyYW5zcGFyJUMzJUFBbmNpYSUyMGRlJTIwbm9zc28lMjBwcm9jZXNzbyUyMHBvciVDMyVBOW0lMjBuJUMzJUEzbyUyMGdhcmFudGUlMjBxdWUlMjBhJTIwc3VhJTIwZW1wcmVzYSUyMHNlamElMjB2ZW5jZWRvcmElMjBlbSUyMHF1YWxxdWVyJTIwcHJvY2Vzc28lMjBkZSUyMGNvbmNvcnIlQzMlQUFuY2lhJTNDJTJGcCUzRSUwQSUwQSU1QmdvX3ByaWNpbmclMjBpZCUzRCUyMnJlbm92YSUyMiU1RCUwQSUwQSU1QnZjX21lc3NhZ2UlMjBjb2xvciUzRCUyMmluZm8lMjIlNURBbnRlcyUyMGRlJTIwaW5pY2lhciUyMGElMjBTb2xpY2l0YSVDMyVBNyVDMyVBM28lMjBkZSUyMCUzQ3N0cm9uZyUzRUNhZGFzdHJvJTIwU2ltcGxpZmljYWRvJTNDJTJGc3Ryb25nJTNFJTIwdm9jJUMzJUFBJTIwZGV2ZSUyMHRlciUyMGVtJTIwcGRmJTIwbyUyMCUzQ2IlM0VUZXJtbyUyMGRlJTIwcmVjZWJpbWVudG8lMjBkZSUyMGMlQzMlQjNkaWdvJTIwZGUlMjAlQzMlQTl0aWNhJTIwZGElMjBSZW5vdmElMjBhc3NpbmFkbyUyMHBlbG8lMjByZXByZXNlbnRhbnRlJTIwc29jaWFsJTNDJTJGYiUzRSUyMGUlMjB0YW1iJUMzJUE5bSUyMCUzQ2IlM0VvJTIwY29udHJhdG8lMjBzb2NpYWwlMjBkYSUyMHN1YSUyMGVtcHJlc2ElMjAlMjhhJTIwdWx0aW1hJTIwYWx0ZXJhJUMzJUE3JUMzJUEzbyUyOS4lM0MlMkZiJTNFJTIwJTVCJTJGdmNfbWVzc2FnZSU1RCUwQSU1QmZvcm1pZGFibGUlMjBpZCUzRHJlbm92YWJ1c2NzaW1wbGlmaWNhZG8lNUQlMEElM0MlMkZkaXYlM0UlMEElMEElM0MlMkZkaXYlM0UlMEElMEElM0NkaXYlMjBpZCUzRCUyMm9wdDIlMjIlMjBzdHlsZSUzRCUyMmRpc3BsYXklM0ElMjBub25lJTNCJTIyJTNFJTBBJTNDaDQlMjBzdHlsZSUzRCUyMnRleHQtYWxpZ24lM0ElMjBjZW50ZXIlM0IlMjIlM0VCZW5lZiVDMyVBRGNpb3MlMjBBZGljaW9uYWlzJTIwZGElMjBDZXJ0aWZpY2ElQzMlQTclQzMlQTNvJTNDJTJGaDQlM0UlMEFBJTIwUmVub3ZhJTIwRW5lcmdpYSUyMGZleiUyMG9zJTIwbWFpb3JlcyUyMGVzZm9yJUMzJUE3b3MlMjBwYXJhJTIwcXVlJTIwYSUyMGNlcnRpZmljYSVDMyVBNyVDMyVBM28lMjBhZ3JlZ3VlJTIwdmFsb3IlMjBwYXJhJTIwYW1iYXMlMjBhcyUyMHBhcnRlcyUyMGRlc3RhY2FuZG8lMjBvcyUyMHNlZ3VpbnRlcyUyMGJlbmVmJUMzJUFEY2lvcyUzQSUwQSUwQSUzQ3AlM0UlRTIlOUUlQTclMjBBJTIwU2VydHJhcyUyMHNvbGljaXRhciVDMyVBMSUyMGRvY3VtZW50b3MlMjBlJTIwcHJlZW5jaGVyJUMzJUExJTIwdG9kYSUyMGElMjBpbmZvcm1hJUMzJUE3JUMzJUEzbyUyMG5vcyUyMHNpc3RlbWFzJTNCJTNDJTJGcCUzRSUwQSUwQSUzQ3AlM0UlRTIlOUUlQTclMjBTJUMzJUEzbyUyMGRpc3BvbmliaWxpemFkb3MlMjAzJTIwbiVDMyVBRHZlaXMlMjBkZSUyMGNlcnRpZmljYSVDMyVBNyVDMyVBM28lM0IlM0MlMkZwJTNFJTBBJTBBJTNDcCUzRSVFMiU5RSVBNyUyMFNlJTIwbyUyMGZvcm5lY2Vkb3IlMjBkZXNlamFyJTIwcG9kZXIlQzMlQTElMjBhdXRvcml6YXIlMjBhJTIwdmlzdWFsaXphJUMzJUE3JUMzJUEzbyUyMGRlJTIwc3VhJTIwaW5mb3JtYSVDMyVBNyVDMyVBM28lMjBwYXJhJTIwb3V0cmFzJTIwZW1wcmVzYXMlMjBjb21wcmFkb3JhcyUyMHBhcmElMjBhdW1lbnRhciUyMGFzJTIwcG9zc2liaWxpZGFkZXMlMjBkZSUyMG5lZyVDMyVCM2Npb3MuJTIwSXN0byUyMG4lQzMlQTNvJTIwdGVtJTIwY3VzdG8lMjBhZGljaW9uYWwuJTNDJTJGcCUzRSUwQSUzQ2g0JTIwc3R5bGUlM0QlMjJ0ZXh0LWFsaWduJTNBJTIwY2VudGVyJTNCJTIyJTNFQ2xhc3NpZmljYSVDMyVBNyVDMyVBM28lMjBkb3MlMjBGb3JuZWNlZG9yZXMlM0MlMkZoNCUzRSUwQU9zJTIwcHJlJUMzJUE3b3MlMjBpbmZvcm1hZG9zJTIwbmVzdGElMjBzZSVDMyVBNyVDMyVBM28lMkMlMjBzJUMzJUEzbyUyMCUzQ3N0cm9uZyUzRWV4Y2x1c2l2b3MlMjBkYSUyMFNlcnRyYXMlM0MlMkZzdHJvbmclM0UuJTIwUmVhbGl6YXIlMjBvJTIwcHJvY2Vzc28lMjBkZSUyMGNlcnRpZmljYSVDMyVBNyVDMyVBM28lMjBnYXJhbnRlJTIwYSUyMHRyYW5zcGFyJUMzJUFBbmNpYSUyMGRlJTIwbm9zc28lMjBwcm9jZXNzbyUyMHBvciVDMyVBOW0lMjBuJUMzJUEzbyUyMGdhcmFudGUlMjBxdWUlMjBhJTIwc3VhJTIwZW1wcmVzYSUyMHNlamElMjB2ZW5jZWRvcmElMjBlbSUyMHF1YWxxdWVyJTIwcHJvY2Vzc28lMjBkZSUyMGNvbmNvcnIlQzMlQUFuY2lhJTBBJTBBJTVCZ29fcHJpY2luZyUyMGlkJTNEJTIycmVub3ZhJTIyJTVEJTBBJTBBQW8lMjBpbmljaWFyJTIwcXVhbHF1ZXIlMjBwcm9jZXNzbyUyQyUyMG8lMjBmb3JuZWNlZG9yJTIwZGVjbGFyYSUyMHF1ZSUyMCUzQ3N0cm9uZyUzRWxldSUyMGUlMjBlbnRlbmRldSUyMG8lMjBDJUMzJUIzZGlnbyUyMGRlJTIwJUMzJTg5dGljYSUyMGRhJTIwUmVub3ZhJTIwRW5lcmdpYSUyMGUlMjBvcyUyMHRlcm1vcyUyMGUlMjBjb25kaSVDMyVBNyVDMyVCNWVzJTIwZG8lMjBzZXJ2aSVDMyVBN28lMjBkYSUyMFNlcnRyYXMlM0MlMkZzdHJvbmclM0UlMjBxdWUlMjBwb2RlJTIwc2VyJTIwb2J0aWRvJTIwZmF6ZW5kbyUyMCUzQ2ElMjBocmVmJTNEJTIyaHR0cCUzQSUyRiUyRnNlcnRyYXMuY29tJTJGd3AtY29udGVudCUyRnVwbG9hZHMlMkYyMDE2JTJGMTIlMkZUZXJtb3MtZS1Db25kaSUyNUMzJTI1QTclMjVDMyUyNUI1ZXMtRm9ybmVjZWRvcmVzLU1BLU9QLVEtVjQucGRmJTIyJTIwdGFyZ2V0JTNEJTIyX2JsYW5rJTIyJTIwcmVsJTNEJTIybm9vcGVuZXIlMjIlM0UlMjBjbGlxdWUlMjBhcXVpLiUzQyUyRmElM0UlMEElMEElNUJ2Y19tZXNzYWdlJTIwY29sb3IlM0QlMjJpbmZvJTIyJTVEQW50ZXMlMjBkZSUyMGluaWNpYXIlMjBhJTIwU29saWNpdGElQzMlQTclQzMlQTNvJTIwZGUlMjAlM0NzdHJvbmclM0VDZXJ0aWZpY2ElQzMlQTclQzMlQTNvJTNDJTJGc3Ryb25nJTNFJTIwdm9jJUMzJUFBJTIwZGV2ZSUyMHRlciUyMGVtJTIwcGRmJTIwbyUyMCUzQ2IlM0VUZXJtbyUyMGRlJTIwcmVjZWJpbWVudG8lMjBkZSUyMGMlQzMlQjNkaWdvJTIwZGUlMjAlQzMlQTl0aWNhJTIwZGElMjBSZW5vdmElMjBhc3NpbmFkbyUyMHBlbG8lMjByZXByZXNlbnRhbnRlJTIwc29jaWFsJTNDJTJGYiUzRSUyMGUlMjB0YW1iJUMzJUE5bSUyMCUzQ2IlM0VvJTIwY29udHJhdG8lMjBzb2NpYWwlMjBkYSUyMHN1YSUyMGVtcHJlc2ElMjAlMjhhJTIwdWx0aW1hJTIwYWx0ZXJhJUMzJUE3JUMzJUEzbyUyOS4lM0MlMkZiJTNFJTIwJTVCJTJGdmNfbWVzc2FnZSU1RCUwQSUwQSU1QmZvcm1pZGFibGUlMjBpZCUzRHJlbm92YWJ1c2NzaW1wbGlmaWNhZG8lNUQlMEElMEElM0MlMkZkaXYlM0U=[\/vc_raw_html][vc_raw_js]JTNDc2NyaXB0JTNFJTBBJTIwJTIwJTIwJTIwZnVuY3Rpb24lMjByZW1vdmVQb250b1RyYWNvJTI4JTI5JTdCJTBBJTIwJTIwJTIwJTIwJTIwJTIwJTIwJTIwbGV0JTIwY25waiUyMCUzRCUyMGRvY3VtZW50LmdldEVsZW1lbnRCeUlkJTI4JTIyZmllbGRfb3J3MHE1NDM0MyUyMiUyOS52YWx1ZSUzQiUwQSUyMCUyMCUyMCUyMCUyMCUyMCUyMCUyMGRvY3VtZW50LmdldEVsZW1lbnRCeUlkJTI4JTIyZmllbGRfb3J3MHE1NDM0MyUyMiUyOS52YWx1ZSUyMCUzRCUyMGNucGoucmVwbGFjZSUyOCUyRiU1QiU1RTAtOSU1RCUyRmclMkMlMjAlMjIlMjIlMjklM0IlMEElMjAlMjAlMjAlMjAlN0QlMEElMEElMjAlMjAlMjAlMjBqUXVlcnklMjglMjIuZnJtX2ZpbmFsX3N1Ym1pdCUyMiUyOS5vbiUyOCUyMmNsaWNrJTIyJTJDJTIwZnVuY3Rpb24lMjhlJTI5JTdCJTBBJTIwJTIwJTIwJTIwJTIwJTIwJTIwJTIwZS5wcmV2ZW50RGVmYXVsdCUyOGUlMjklM0IlMEElMjAlMjAlMjAlMjAlMjAlMjAlMjAlMjByZW1vdmVQb250b1RyYWNvJTI4JTI5JTNCJTBBJTIwJTIwJTIwJTIwJTIwJTIwJTIwJTIwalF1ZXJ5JTI4JTI3JTIzZm9ybV9yZW5vdmFidXNjc2ltcGxpZmljYWRvJTI3JTI5LnN1Ym1pdCUyOCUyOSUzQiUwQSUyMCUyMCUyMCUyMCU3RCUyOSUzQiUwQSUzQyUyRnNjcmlwdCUzRQ==[\/vc_raw_js][\/vc_column][\/vc_row]<\/p>\n<\/div>","protected":false},"excerpt":{"rendered":"<p>[vc_row][vc_column][layerslider_vc id=&#8221;12&#8243;][vc_column_text]Fundada em 2001, a Renova Energia \u00e9 uma companhia brasileira de gera\u00e7\u00e3o de energia el\u00e9trica renov\u00e1vel com atua\u00e7\u00e3o em matrizes e\u00f3licas, pequenas centrais hidrel\u00e9tricas (PCHs) e solar. Desde 2009 sua atua\u00e7\u00e3o est\u00e1 fortemente concentrada em projetos de fonte e\u00f3lica, segmento no qual \u00e9 pioneira no Brasil. Como diferencial de destaque em sua atua\u00e7\u00e3o, est\u00e1&hellip;<\/p>\n","protected":false},"author":8008,"featured_media":0,"parent":0,"menu_order":0,"comment_status":"closed","ping_status":"closed","template":"template-microsite.php","meta":{"pmpro_default_level":"","inline_featured_image":false,"footnotes":""},"aioseo_notices":[],"_links":{"self":[{"href":"https:\/\/www.sertras.com\/v3\/wp-json\/wp\/v2\/pages\/14506"}],"collection":[{"href":"https:\/\/www.sertras.com\/v3\/wp-json\/wp\/v2\/pages"}],"about":[{"href":"https:\/\/www.sertras.com\/v3\/wp-json\/wp\/v2\/types\/page"}],"author":[{"embeddable":true,"href":"https:\/\/www.sertras.com\/v3\/wp-json\/wp\/v2\/users\/8008"}],"replies":[{"embeddable":true,"href":"https:\/\/www.sertras.com\/v3\/wp-json\/wp\/v2\/comments?post=14506"}],"version-history":[{"count":2,"href":"https:\/\/www.sertras.com\/v3\/wp-json\/wp\/v2\/pages\/14506\/revisions"}],"predecessor-version":[{"id":421407,"href":"https:\/\/www.sertras.com\/v3\/wp-json\/wp\/v2\/pages\/14506\/revisions\/421407"}],"wp:attachment":[{"href":"https:\/\/www.sertras.com\/v3\/wp-json\/wp\/v2\/media?parent=14506"}],"curies":[{"name":"wp","href":"https:\/\/api.w.org\/{rel}","templated":true}]}}