{"id":652563,"date":"2022-09-22T16:54:48","date_gmt":"2022-09-22T19:54:48","guid":{"rendered":"https:\/\/www.sertras.com\/v3\/?page_id=652563"},"modified":"2023-10-30T11:25:55","modified_gmt":"2023-10-30T14:25:55","slug":"portal-fornecedor-imprimir-conhecendo-nossos-terceiros-engeform-novo-modelo","status":"publish","type":"page","link":"https:\/\/www.sertras.com\/v3\/portal-fornecedor-imprimir-conhecendo-nossos-terceiros-engeform-novo-modelo\/","title":{"rendered":"Portal Fornecedor &#8211; Imprimir Conhecendo Nossos Terceiros Engeform Novo Modelo"},"content":{"rendered":"<div class=\"pmpro_content_message\">This content is for Fornecedor Platinum, Sertras &#8211; Administra\u00e7\u00e3o, Sertras, Sertras &#8211; Supervis\u00e3o, Fornecedor, Engeform &#8211; Comprador, Engeform &#8211; Administrador , e Engeform &#8211; Compliance members only.<br \/><a href=\"http:\/\/www.sertras.com\/v3\/login\">Log In<\/a> <a href=\"http:\/\/www.sertras.com\/v3\/wp-login.php?action=register\">Register<\/a><\/div>\n","protected":false},"excerpt":{"rendered":"<div class=\"pmpro_content_message\">This content is for Fornecedor Platinum, Sertras - Administra\u00e7\u00e3o, Sertras, Sertras - Supervis\u00e3o, Fornecedor, Engeform - Comprador, Engeform - Administrador , e Engeform - Compliance members only.<br \/><a href=\"http:\/\/www.sertras.com\/v3\/login\">Log In<\/a> <a href=\"http:\/\/www.sertras.com\/v3\/wp-login.php?action=register\">Register<\/a><\/div>","protected":false},"author":2,"featured_media":0,"parent":0,"menu_order":0,"comment_status":"closed","ping_status":"closed","template":"template-microsite.php","meta":{"pmpro_default_level":"","inline_featured_image":false,"footnotes":""},"aioseo_notices":[],"_links":{"self":[{"href":"https:\/\/www.sertras.com\/v3\/wp-json\/wp\/v2\/pages\/652563"}],"collection":[{"href":"https:\/\/www.sertras.com\/v3\/wp-json\/wp\/v2\/pages"}],"about":[{"href":"https:\/\/www.sertras.com\/v3\/wp-json\/wp\/v2\/types\/page"}],"author":[{"embeddable":true,"href":"https:\/\/www.sertras.com\/v3\/wp-json\/wp\/v2\/users\/2"}],"replies":[{"embeddable":true,"href":"https:\/\/www.sertras.com\/v3\/wp-json\/wp\/v2\/comments?post=652563"}],"version-history":[{"count":8,"href":"https:\/\/www.sertras.com\/v3\/wp-json\/wp\/v2\/pages\/652563\/revisions"}],"predecessor-version":[{"id":789421,"href":"https:\/\/www.sertras.com\/v3\/wp-json\/wp\/v2\/pages\/652563\/revisions\/789421"}],"wp:attachment":[{"href":"https:\/\/www.sertras.com\/v3\/wp-json\/wp\/v2\/media?parent=652563"}],"curies":[{"name":"wp","href":"https:\/\/api.w.org\/{rel}","templated":true}]}}